{"id":1898,"date":"2020-07-22T02:41:43","date_gmt":"2020-07-22T00:41:43","guid":{"rendered":"http:\/\/www.cafedu.cz\/?page_id=1898"},"modified":"2025-12-02T11:37:38","modified_gmt":"2025-12-02T10:37:38","slug":"novinky","status":"publish","type":"page","link":"https:\/\/www.cafedu.cz\/en\/novinky\/","title":{"rendered":"Gift Cards"},"content":{"rendered":"<div \t\t\tclass=\"novablocks-hero novablocks-doppler alignfull novablocks-u-valign-center novablocks-u-halign-center novablocks-u-background novablocks-u-background-dark sm-palette-1 sm-variation-12 scrolling-effect-parallax\"\n\t\t\tstyle=\"--novablocks-block-top-spacing: 1; --novablocks-block-bottom-spacing: 0; --novablocks-emphasis-top-spacing: 0; --novablocks-emphasis-bottom-spacing: 0; --novablocks-hero-text-color: #FFF;min-height: calc(100* var(--novablocks-1vh, 1vh)); \"\n\t\t\tdata-defaults-generated='1' data-focal-point='{&quot;x&quot;:0.64,&quot;y&quot;:0.5}' data-final-focal-point='{&quot;x&quot;:0.64,&quot;y&quot;:0.5}' data-scroll-indicator-block='1' data-motion-preset='custom' data-block-index='0' data-min-height-fallback='100' data-scroll-indicator='' data-position-indicators='1' data-template-inserted='' data-display-inner-content='1' data-palette='1' data-palette-variation='12' data-use-source-color-as-reference='' data-color-signal='3' data-content-color-signal='0' data-content-position='center center' data-initial-background-scale='1' data-final-background-scale='1' data-scrolling-effect='parallax' data-follow-through-start='1' data-follow-through-end='1' data-content-color='#FFF' data-overlay-filter-style='dark' data-overlay-filter-strength='30' data-emphasis-by-space='1' data-enable-overlapping='' data-block-top-spacing='1' data-block-bottom-spacing='0' data-emphasis-top-spacing='0' data-emphasis-bottom-spacing='0' data-anchor=''\t\t>\n\n\t\t\t\n\t\t\t<div class=\"novablocks-doppler__mask  novablocks-doppler__wrapper\">\n\t\t\t\t<img width=\"3840\" height=\"2944\" src=\"https:\/\/www.cafedu.cz\/wp-content\/uploads\/2020\/10\/Vchod-zahra\u0301dka-3840x2944.jpg\" class=\"novablocks-hero__media  novablocks-doppler__target\" alt=\"\" loading=\"lazy\" style=\"object-position: 64% 50%;opacity: 0.7; \" srcset=\"https:\/\/www.cafedu.cz\/wp-content\/uploads\/2020\/10\/Vchod-zahra\u0301dka-3840x2944.jpg 3840w, https:\/\/www.cafedu.cz\/wp-content\/uploads\/2020\/10\/Vchod-zahra\u0301dka-300x230.jpg 300w, https:\/\/www.cafedu.cz\/wp-content\/uploads\/2020\/10\/Vchod-zahra\u0301dka-1024x785.jpg 1024w, https:\/\/www.cafedu.cz\/wp-content\/uploads\/2020\/10\/Vchod-zahra\u0301dka-768x589.jpg 768w, https:\/\/www.cafedu.cz\/wp-content\/uploads\/2020\/10\/Vchod-zahra\u0301dka-1536x1178.jpg 1536w, https:\/\/www.cafedu.cz\/wp-content\/uploads\/2020\/10\/Vchod-zahra\u0301dka-2048x1570.jpg 2048w, https:\/\/www.cafedu.cz\/wp-content\/uploads\/2020\/10\/Vchod-zahra\u0301dka-250x192.jpg 250w, https:\/\/www.cafedu.cz\/wp-content\/uploads\/2020\/10\/Vchod-zahra\u0301dka-1366x1047.jpg 1366w, https:\/\/www.cafedu.cz\/wp-content\/uploads\/2020\/10\/Vchod-zahra\u0301dka-480x368.jpg 480w\" sizes=\"(max-width: 3840px) 100vw, 3840px\" \/>\n\t\t\t\t\t\t\t<\/div>\n            <div class=\"novablocks-hero__foreground novablocks-doppler__foreground novablocks-u-content-padding novablocks-u-content-align\" style=\"min-height: calc(100 * var(--novablocks-1vh, 1vh)); \">\n                <div class=\"novablocks-hero__inner-container wp-block-group__inner-container novablocks-u-content-width\" style=\"\">\n\t\t\t\t\t\n\n<div class=\"wp-container-1 wp-block-group alignfull sm-palette-1 sm-color-signal-0\" style=\"--novablocks-emphasis-top-spacing:0;--novablocks-emphasis-bottom-spacing:0;--novablocks-block-top-spacing:1;--novablocks-block-bottom-spacing:0;--novablocks-block-zindex:0\" data-palette=\"1\" data-palette-variation=\"11\" data-color-signal=\"0\"><div class=\"wp-block-group__inner-container\">\n<h2 class=\"wp-block-novablocks-headline c-headline has-text-align-center has-larger-font-size has-normal-font-size\"><span class=\"c-headline__secondary change-font\">CAFEDU<\/span> <span class=\"c-headline__primary\">gift cards<\/span><\/h2>\n\n\n\n<p class=\"has-text-align-center is-style-lead\"><\/p>\n<\/div><\/div>\n\n                <\/div>\n\t\t\t\t                    <div class=\"novablocks-hero__indicator\">\n                        <svg width=\"160\" height=\"50\" viewbox=\"0 0 160 50\" fill=\"none\" xmlns=\"http:\/\/www.w3.org\/2000\/svg\"><path d=\"M0 50C55 50 45 0 80 0C115 0 105 50 160 50H0Z\" fill=\"currentColor\"\/><\/svg>                    <\/div>\n\t\t\t\t            <\/div>\n\n\t\t\t\n        <\/div>\n\n\t\t\n\n\n<div class=\"wp-container-2 wp-block-group sm-palette-1 sm-color-signal-0 sm-variation-1\" style=\"--novablocks-emphasis-top-spacing:0;--novablocks-emphasis-bottom-spacing:0;--novablocks-block-top-spacing:1;--novablocks-block-bottom-spacing:0;--novablocks-block-zindex:0\" data-palette=\"1\" data-palette-variation=\"1\" data-color-signal=\"0\"><div class=\"wp-block-group__inner-container\">\n<div class=\"wp-block-columns\">\n<div class=\"wp-block-column\" style=\"flex-basis:100%\">\n<div class=\"wp-block-columns\">\n<div class=\"wp-block-column\" style=\"flex-basis:100%\">\n<div class=\"wp-block-columns alignfull are-vertically-aligned-center\">\n<div class=\"wp-block-column is-vertically-aligned-center\">\n<p><\/p>\n\n\n\n<p><\/p>\n\n\n\n<p><\/p>\n\n\n\n<p class=\"has-text-align-center\">An ideal gift, not just for the last minute. <\/p>\n\n\n\n<p class=\"has-text-align-center\">You can choose from many options, you don't have to print anything and the voucher will be sent to your email immediately. In case of any questions or concerns, please contact us at info@cafedu.cz or on social media.<\/p>\n\n\n\n<p><\/p>\n\n\n\n<p class=\"has-text-align-center\">To purchase a voucher, please use this link: <\/p>\n\n\n\n<p class=\"has-text-align-center has-sm-dark-tertiary-color has-sm-color-primary-background-color has-text-color has-background\"><a href=\"https:\/\/www.bookiopro.com\/gift-cards\/cafedu#\/\"><strong>h<\/strong><\/a><a href=\"https:\/\/www.bookiopro.com\/gift-cards\/cafedu#\/\" target=\"_blank\" rel=\"noreferrer noopener\"><strong>https:\/\/www.bookiopro.com\/gift-cards\/cafedu?lang=en#\/<\/strong><\/a><\/p>\n<\/div>\n<\/div>\n<\/div>\n<\/div>\n<\/div>\n<\/div>\n<\/div><\/div>\n\n\n\n<div class=\"wp-block-image is-style-default\"><figure class=\"aligncenter size-large is-resized\"><img loading=\"lazy\" src=\"http:\/\/www.cafedu.cz\/wp-content\/uploads\/2020\/11\/CAFEDU-PNG-hne\u030cda\u0301-bez-c\u030car-10.png\" alt=\"\" class=\"wp-image-2773\" width=\"73\" height=\"76\" srcset=\"https:\/\/www.cafedu.cz\/wp-content\/uploads\/2020\/11\/CAFEDU-PNG-hne\u030cda\u0301-bez-c\u030car-10.png 971w, https:\/\/www.cafedu.cz\/wp-content\/uploads\/2020\/11\/CAFEDU-PNG-hne\u030cda\u0301-bez-c\u030car-10-288x300.png 288w, https:\/\/www.cafedu.cz\/wp-content\/uploads\/2020\/11\/CAFEDU-PNG-hne\u030cda\u0301-bez-c\u030car-10-768x800.png 768w, https:\/\/www.cafedu.cz\/wp-content\/uploads\/2020\/11\/CAFEDU-PNG-hne\u030cda\u0301-bez-c\u030car-10-12x12.png 12w, https:\/\/www.cafedu.cz\/wp-content\/uploads\/2020\/11\/CAFEDU-PNG-hne\u030cda\u0301-bez-c\u030car-10-240x250.png 240w, https:\/\/www.cafedu.cz\/wp-content\/uploads\/2020\/11\/CAFEDU-PNG-hne\u030cda\u0301-bez-c\u030car-10-737x768.png 737w, https:\/\/www.cafedu.cz\/wp-content\/uploads\/2020\/11\/CAFEDU-PNG-hne\u030cda\u0301-bez-c\u030car-10-461x480.png 461w\" sizes=\"(max-width: 73px) 100vw, 73px\" \/><\/figure><\/div>\n\n\n\n<ul class=\"wp-container-3 wp-block-social-links aligncenter is-style-logos-only\"><li class=\"wp-social-link wp-social-link-facebook wp-block-social-link\"><a href=\"https:\/\/www.facebook.com\/CafeduPrague\" aria-label=\"Facebook: https:\/\/www.facebook.com\/CafeduPrague\"  class=\"wp-block-social-link-anchor\"> <svg width=\"24\" height=\"24\" viewbox=\"0 0 24 24\" version=\"1.1\" xmlns=\"http:\/\/www.w3.org\/2000\/svg\" role=\"img\" aria-hidden=\"true\" focusable=\"false\"><path d=\"M12 2C6.5 2 2 6.5 2 12c0 5 3.7 9.1 8.4 9.9v-7H7.9V12h2.5V9.8c0-2.5 1.5-3.9 3.8-3.9 1.1 0 2.2.2 2.2.2v2.5h-1.3c-1.2 0-1.6.8-1.6 1.6V12h2.8l-.4 2.9h-2.3v7C18.3 21.1 22 17 22 12c0-5.5-4.5-10-10-10z\"><\/path><\/svg><\/a><\/li>\n\n<li class=\"wp-social-link wp-social-link-instagram wp-block-social-link\"><a href=\"https:\/\/www.instagram.com\/cafedu_prague\/\" aria-label=\"Instagram: https:\/\/www.instagram.com\/cafedu_prague\/\"  class=\"wp-block-social-link-anchor\"> <svg width=\"24\" height=\"24\" viewbox=\"0 0 24 24\" version=\"1.1\" xmlns=\"http:\/\/www.w3.org\/2000\/svg\" role=\"img\" aria-hidden=\"true\" focusable=\"false\"><path d=\"M12,4.622c2.403,0,2.688,0.009,3.637,0.052c0.877,0.04,1.354,0.187,1.671,0.31c0.42,0.163,0.72,0.358,1.035,0.673 c0.315,0.315,0.51,0.615,0.673,1.035c0.123,0.317,0.27,0.794,0.31,1.671c0.043,0.949,0.052,1.234,0.052,3.637 s-0.009,2.688-0.052,3.637c-0.04,0.877-0.187,1.354-0.31,1.671c-0.163,0.42-0.358,0.72-0.673,1.035 c-0.315,0.315-0.615,0.51-1.035,0.673c-0.317,0.123-0.794,0.27-1.671,0.31c-0.949,0.043-1.233,0.052-3.637,0.052 s-2.688-0.009-3.637-0.052c-0.877-0.04-1.354-0.187-1.671-0.31c-0.42-0.163-0.72-0.358-1.035-0.673 c-0.315-0.315-0.51-0.615-0.673-1.035c-0.123-0.317-0.27-0.794-0.31-1.671C4.631,14.688,4.622,14.403,4.622,12 s0.009-2.688,0.052-3.637c0.04-0.877,0.187-1.354,0.31-1.671c0.163-0.42,0.358-0.72,0.673-1.035 c0.315-0.315,0.615-0.51,1.035-0.673c0.317-0.123,0.794-0.27,1.671-0.31C9.312,4.631,9.597,4.622,12,4.622 M12,3 C9.556,3,9.249,3.01,8.289,3.054C7.331,3.098,6.677,3.25,6.105,3.472C5.513,3.702,5.011,4.01,4.511,4.511 c-0.5,0.5-0.808,1.002-1.038,1.594C3.25,6.677,3.098,7.331,3.054,8.289C3.01,9.249,3,9.556,3,12c0,2.444,0.01,2.751,0.054,3.711 c0.044,0.958,0.196,1.612,0.418,2.185c0.23,0.592,0.538,1.094,1.038,1.594c0.5,0.5,1.002,0.808,1.594,1.038 c0.572,0.222,1.227,0.375,2.185,0.418C9.249,20.99,9.556,21,12,21s2.751-0.01,3.711-0.054c0.958-0.044,1.612-0.196,2.185-0.418 c0.592-0.23,1.094-0.538,1.594-1.038c0.5-0.5,0.808-1.002,1.038-1.594c0.222-0.572,0.375-1.227,0.418-2.185 C20.99,14.751,21,14.444,21,12s-0.01-2.751-0.054-3.711c-0.044-0.958-0.196-1.612-0.418-2.185c-0.23-0.592-0.538-1.094-1.038-1.594 c-0.5-0.5-1.002-0.808-1.594-1.038c-0.572-0.222-1.227-0.375-2.185-0.418C14.751,3.01,14.444,3,12,3L12,3z M12,7.378 c-2.552,0-4.622,2.069-4.622,4.622S9.448,16.622,12,16.622s4.622-2.069,4.622-4.622S14.552,7.378,12,7.378z M12,15 c-1.657,0-3-1.343-3-3s1.343-3,3-3s3,1.343,3,3S13.657,15,12,15z M16.804,6.116c-0.596,0-1.08,0.484-1.08,1.08 s0.484,1.08,1.08,1.08c0.596,0,1.08-0.484,1.08-1.08S17.401,6.116,16.804,6.116z\"><\/path><\/svg><\/a><\/li><\/ul>\n\n\n\n<h4 class=\"has-normal-font-size\"><\/h4>","protected":false},"excerpt":{"rendered":"<p>Ide\u00e1ln\u00ed d\u00e1rek nejen na posledn\u00ed chv\u00edli. M\u016f\u017eete si vybrat z mnoha variant, nemus\u00edte nic tisknout a v emailu v\u00e1m voucheru p\u0159istane ihned. V p\u0159\u00edpad\u011b nejasnost\u00ed [&hellip;]<\/p>\n","protected":false},"author":2,"featured_media":0,"parent":0,"menu_order":0,"comment_status":"closed","ping_status":"closed","template":"templates\/template-full-width.php","meta":{"novablocks_hero_scroll_indicator":true,"novablocks_hero_position_indicators":true},"yoast_head":"<!-- This site is optimized with the Yoast SEO plugin v19.13 - https:\/\/yoast.com\/wordpress\/plugins\/seo\/ -->\n<title>Cafedu - D\u00e1rkov\u00e9 vouchery<\/title>\n<meta name=\"robots\" content=\"index, follow, max-snippet:-1, max-image-preview:large, max-video-preview:-1\" \/>\n<link rel=\"canonical\" href=\"https:\/\/www.cafedu.cz\/en\/novinky\/\" \/>\n<meta property=\"og:locale\" content=\"en_US\" \/>\n<meta property=\"og:type\" content=\"article\" \/>\n<meta property=\"og:title\" content=\"Cafedu - D\u00e1rkov\u00e9 vouchery\" \/>\n<meta property=\"og:description\" content=\"Ide\u00e1ln\u00ed d\u00e1rek nejen na posledn\u00ed chv\u00edli. M\u016f\u017eete si vybrat z mnoha variant, nemus\u00edte nic tisknout a v emailu v\u00e1m voucheru p\u0159istane ihned. V p\u0159\u00edpad\u011b nejasnost\u00ed [&hellip;]\" \/>\n<meta property=\"og:url\" content=\"https:\/\/www.cafedu.cz\/en\/novinky\/\" \/>\n<meta property=\"og:site_name\" content=\"Cafedu\" \/>\n<meta property=\"article:publisher\" content=\"https:\/\/www.facebook.com\/CafeduPrague\" \/>\n<meta property=\"article:modified_time\" content=\"2025-12-02T10:37:38+00:00\" \/>\n<meta name=\"twitter:label1\" content=\"Est. reading time\" \/>\n\t<meta name=\"twitter:data1\" content=\"1 minute\" \/>\n<script type=\"application\/ld+json\" class=\"yoast-schema-graph\">{\"@context\":\"https:\/\/schema.org\",\"@graph\":[{\"@type\":\"WebPage\",\"@id\":\"https:\/\/www.cafedu.cz\/novinky\/\",\"url\":\"https:\/\/www.cafedu.cz\/novinky\/\",\"name\":\"Cafedu - D\u00e1rkov\u00e9 vouchery\",\"isPartOf\":{\"@id\":\"https:\/\/www.cafedu.cz\/#website\"},\"datePublished\":\"2020-07-22T00:41:43+00:00\",\"dateModified\":\"2025-12-02T10:37:38+00:00\",\"breadcrumb\":{\"@id\":\"https:\/\/www.cafedu.cz\/novinky\/#breadcrumb\"},\"inLanguage\":\"en-US\",\"potentialAction\":[{\"@type\":\"ReadAction\",\"target\":[\"https:\/\/www.cafedu.cz\/novinky\/\"]}]},{\"@type\":\"BreadcrumbList\",\"@id\":\"https:\/\/www.cafedu.cz\/novinky\/#breadcrumb\",\"itemListElement\":[{\"@type\":\"ListItem\",\"position\":1,\"name\":\"Dom\u016f\",\"item\":\"https:\/\/www.cafedu.cz\/\"},{\"@type\":\"ListItem\",\"position\":2,\"name\":\"D\u00e1rkov\u00e9 vouchery\"}]},{\"@type\":\"WebSite\",\"@id\":\"https:\/\/www.cafedu.cz\/#website\",\"url\":\"https:\/\/www.cafedu.cz\/\",\"name\":\"Cafedu\",\"description\":\"Kav\u00e1rna, nonstop studovna, no\u010dn\u00ed studovna, coworking\",\"potentialAction\":[{\"@type\":\"SearchAction\",\"target\":{\"@type\":\"EntryPoint\",\"urlTemplate\":\"https:\/\/www.cafedu.cz\/?s={search_term_string}\"},\"query-input\":\"required name=search_term_string\"}],\"inLanguage\":\"en-US\"}]}<\/script>\n<!-- \/ Yoast SEO plugin. -->","yoast_head_json":{"title":"Cafedu - D\u00e1rkov\u00e9 vouchery","robots":{"index":"index","follow":"follow","max-snippet":"max-snippet:-1","max-image-preview":"max-image-preview:large","max-video-preview":"max-video-preview:-1"},"canonical":"https:\/\/www.cafedu.cz\/en\/novinky\/","og_locale":"en_US","og_type":"article","og_title":"Cafedu - D\u00e1rkov\u00e9 vouchery","og_description":"Ide\u00e1ln\u00ed d\u00e1rek nejen na posledn\u00ed chv\u00edli. M\u016f\u017eete si vybrat z mnoha variant, nemus\u00edte nic tisknout a v emailu v\u00e1m voucheru p\u0159istane ihned. V p\u0159\u00edpad\u011b nejasnost\u00ed [&hellip;]","og_url":"https:\/\/www.cafedu.cz\/en\/novinky\/","og_site_name":"Cafedu","article_publisher":"https:\/\/www.facebook.com\/CafeduPrague","article_modified_time":"2025-12-02T10:37:38+00:00","twitter_misc":{"Est. reading time":"1 minute"},"schema":{"@context":"https:\/\/schema.org","@graph":[{"@type":"WebPage","@id":"https:\/\/www.cafedu.cz\/novinky\/","url":"https:\/\/www.cafedu.cz\/novinky\/","name":"Cafedu - D\u00e1rkov\u00e9 vouchery","isPartOf":{"@id":"https:\/\/www.cafedu.cz\/#website"},"datePublished":"2020-07-22T00:41:43+00:00","dateModified":"2025-12-02T10:37:38+00:00","breadcrumb":{"@id":"https:\/\/www.cafedu.cz\/novinky\/#breadcrumb"},"inLanguage":"en-US","potentialAction":[{"@type":"ReadAction","target":["https:\/\/www.cafedu.cz\/novinky\/"]}]},{"@type":"BreadcrumbList","@id":"https:\/\/www.cafedu.cz\/novinky\/#breadcrumb","itemListElement":[{"@type":"ListItem","position":1,"name":"Dom\u016f","item":"https:\/\/www.cafedu.cz\/"},{"@type":"ListItem","position":2,"name":"D\u00e1rkov\u00e9 vouchery"}]},{"@type":"WebSite","@id":"https:\/\/www.cafedu.cz\/#website","url":"https:\/\/www.cafedu.cz\/","name":"Cafedu","description":"Kav\u00e1rna, nonstop studovna, no\u010dn\u00ed studovna, coworking","potentialAction":[{"@type":"SearchAction","target":{"@type":"EntryPoint","urlTemplate":"https:\/\/www.cafedu.cz\/?s={search_term_string}"},"query-input":"required name=search_term_string"}],"inLanguage":"en-US"}]}},"_links":{"self":[{"href":"https:\/\/www.cafedu.cz\/en\/wp-json\/wp\/v2\/pages\/1898"}],"collection":[{"href":"https:\/\/www.cafedu.cz\/en\/wp-json\/wp\/v2\/pages"}],"about":[{"href":"https:\/\/www.cafedu.cz\/en\/wp-json\/wp\/v2\/types\/page"}],"author":[{"embeddable":true,"href":"https:\/\/www.cafedu.cz\/en\/wp-json\/wp\/v2\/users\/2"}],"replies":[{"embeddable":true,"href":"https:\/\/www.cafedu.cz\/en\/wp-json\/wp\/v2\/comments?post=1898"}],"version-history":[{"count":70,"href":"https:\/\/www.cafedu.cz\/en\/wp-json\/wp\/v2\/pages\/1898\/revisions"}],"predecessor-version":[{"id":3463,"href":"https:\/\/www.cafedu.cz\/en\/wp-json\/wp\/v2\/pages\/1898\/revisions\/3463"}],"wp:attachment":[{"href":"https:\/\/www.cafedu.cz\/en\/wp-json\/wp\/v2\/media?parent=1898"}],"curies":[{"name":"wp","href":"https:\/\/api.w.org\/{rel}","templated":true}]}}